{"id":1636,"date":"2026-04-15T10:13:04","date_gmt":"2026-04-15T08:13:04","guid":{"rendered":"https:\/\/carissimo.io\/fr\/?page_id=1636"},"modified":"2026-04-15T10:13:20","modified_gmt":"2026-04-15T08:13:20","slug":"blog","status":"publish","type":"page","link":"https:\/\/carissimo.io\/fr\/blog\/","title":{"rendered":"Blog"},"content":{"rendered":"\n<div class=\"wp-block-query is-layout-flow wp-block-query-is-layout-flow\"><\/div>\n\n\n\n<div class=\"wp-block-query is-layout-flow wp-block-query-is-layout-flow\"><ul class=\"wp-block-post-template is-layout-flow wp-block-post-template-is-layout-flow\"><li class=\"wp-block-post post-1635 post type-post status-publish format-standard has-post-thumbnail hentry category-comprendre-les-prix tag-alertes-prix tag-directive-omnibus tag-historique-des-prix tag-pricing-dynamique tag-tracker-de-prix tag-yield-management\">\n\n<div class=\"wp-block-columns alignwide is-layout-flex wp-container-core-columns-is-layout-9d6595d7 wp-block-columns-is-layout-flex\">\n<div class=\"wp-block-column is-layout-flow wp-block-column-is-layout-flow\" style=\"flex-basis:66.66%\"><figure class=\"wp-block-post-featured-image\"><a href=\"https:\/\/carissimo.io\/fr\/pourquoi-les-prix-en-ligne-changent-ils-si-souvent-la-verite-sur-le-pricing-dynamique\/\" target=\"_self\"  ><img fetchpriority=\"high\" decoding=\"async\" width=\"1200\" height=\"628\" src=\"https:\/\/carissimo.io\/fr\/wp-content\/uploads\/sites\/3\/2026\/04\/04Pourquoi-les-prix-en-ligne-changent-ils-si-souvent-La-verite-sur-le-pricing-dynamique.png\" class=\"attachment-post-thumbnail size-post-thumbnail wp-post-image\" alt=\"Pourquoi les prix en ligne changent-ils si souvent ? La v\u00e9rit\u00e9 sur le pricing dynamique\" style=\"object-fit:cover;\" srcset=\"https:\/\/carissimo.io\/fr\/wp-content\/uploads\/sites\/3\/2026\/04\/04Pourquoi-les-prix-en-ligne-changent-ils-si-souvent-La-verite-sur-le-pricing-dynamique.png 1200w, https:\/\/carissimo.io\/fr\/wp-content\/uploads\/sites\/3\/2026\/04\/04Pourquoi-les-prix-en-ligne-changent-ils-si-souvent-La-verite-sur-le-pricing-dynamique-300x157.png 300w, https:\/\/carissimo.io\/fr\/wp-content\/uploads\/sites\/3\/2026\/04\/04Pourquoi-les-prix-en-ligne-changent-ils-si-souvent-La-verite-sur-le-pricing-dynamique-1024x536.png 1024w, https:\/\/carissimo.io\/fr\/wp-content\/uploads\/sites\/3\/2026\/04\/04Pourquoi-les-prix-en-ligne-changent-ils-si-souvent-La-verite-sur-le-pricing-dynamique-768x402.png 768w\" sizes=\"(max-width: 1200px) 100vw, 1200px\" \/><\/a><\/figure><\/div>\n\n\n\n<div class=\"wp-block-column is-layout-flow wp-block-column-is-layout-flow\" style=\"flex-basis:33.33%\"><h2 class=\"wp-block-post-title\"><a href=\"https:\/\/carissimo.io\/fr\/pourquoi-les-prix-en-ligne-changent-ils-si-souvent-la-verite-sur-le-pricing-dynamique\/\" target=\"_self\" >Pourquoi les prix en ligne changent-ils si souvent ? La v\u00e9rit\u00e9 sur le pricing dynamique<\/a><\/h2>\n\n<div class=\"wp-block-post-excerpt\"><p class=\"wp-block-post-excerpt__excerpt\">Amazon, Booking, Fnac : vos prix changent en temps r\u00e9el selon des algorithmes. Voici comment le pricing dynamique fonctionne et comment en tirer parti. <\/p><\/div><\/div>\n<\/div>\n\n<\/li><li class=\"wp-block-post post-1562 post type-post status-publish format-standard has-post-thumbnail hentry category-auto-et-mobilite category-autoscout24 tag-annonce-autoscout24 tag-duree-annonce tag-historique-des-prix tag-leboncoin-auto tag-negociation-voiture-occasion tag-tracker-autoscout24\">\n\n<div class=\"wp-block-columns alignwide is-layout-flex wp-container-core-columns-is-layout-9d6595d7 wp-block-columns-is-layout-flex\">\n<div class=\"wp-block-column is-layout-flow wp-block-column-is-layout-flow\" style=\"flex-basis:66.66%\"><figure class=\"wp-block-post-featured-image\"><a href=\"https:\/\/carissimo.io\/fr\/titre\/\" target=\"_self\"  ><img decoding=\"async\" width=\"2240\" height=\"1260\" src=\"https:\/\/carissimo.io\/fr\/wp-content\/uploads\/sites\/3\/2026\/04\/Art1Comment-savoir-depuis-combien-de-temps-une-voiture-est-en-vente-sur-AutoScout24-.png\" class=\"attachment-post-thumbnail size-post-thumbnail wp-post-image\" alt=\"Comment savoir depuis combien de temps une voiture est en vente sur AutoScout24\u00a0?\" style=\"object-fit:cover;\" srcset=\"https:\/\/carissimo.io\/fr\/wp-content\/uploads\/sites\/3\/2026\/04\/Art1Comment-savoir-depuis-combien-de-temps-une-voiture-est-en-vente-sur-AutoScout24-.png 2240w, https:\/\/carissimo.io\/fr\/wp-content\/uploads\/sites\/3\/2026\/04\/Art1Comment-savoir-depuis-combien-de-temps-une-voiture-est-en-vente-sur-AutoScout24--300x169.png 300w, https:\/\/carissimo.io\/fr\/wp-content\/uploads\/sites\/3\/2026\/04\/Art1Comment-savoir-depuis-combien-de-temps-une-voiture-est-en-vente-sur-AutoScout24--1024x576.png 1024w, https:\/\/carissimo.io\/fr\/wp-content\/uploads\/sites\/3\/2026\/04\/Art1Comment-savoir-depuis-combien-de-temps-une-voiture-est-en-vente-sur-AutoScout24--768x432.png 768w, https:\/\/carissimo.io\/fr\/wp-content\/uploads\/sites\/3\/2026\/04\/Art1Comment-savoir-depuis-combien-de-temps-une-voiture-est-en-vente-sur-AutoScout24--1536x864.png 1536w, https:\/\/carissimo.io\/fr\/wp-content\/uploads\/sites\/3\/2026\/04\/Art1Comment-savoir-depuis-combien-de-temps-une-voiture-est-en-vente-sur-AutoScout24--2048x1152.png 2048w\" sizes=\"(max-width: 2240px) 100vw, 2240px\" \/><\/a><\/figure><\/div>\n\n\n\n<div class=\"wp-block-column is-layout-flow wp-block-column-is-layout-flow\" style=\"flex-basis:33.33%\"><h2 class=\"wp-block-post-title\"><a href=\"https:\/\/carissimo.io\/fr\/titre\/\" target=\"_self\" >Comment savoir depuis combien de temps une voiture est en vente sur AutoScout24\u00a0?<\/a><\/h2>\n\n<div class=\"wp-block-post-excerpt\"><p class=\"wp-block-post-excerpt__excerpt\">La date affich\u00e9e sur AutoScout24 ne dit pas toujours toute la v\u00e9rit\u00e9 sur l&rsquo;anciennet\u00e9 d&rsquo;une annonce. Une voiture en vente depuis deux mois peut appara\u00eetre comme une nouveaut\u00e9. Deux m\u00e9thodes permettent de retrouver la vraie dur\u00e9e de mise en ligne \u2014 et d&rsquo;en faire un levier de n\u00e9gociation concret. <\/p><\/div><\/div>\n<\/div>\n\n<\/li><\/ul><\/div>\n","protected":false},"excerpt":{"rendered":"","protected":false},"author":3,"featured_media":0,"parent":0,"menu_order":0,"comment_status":"closed","ping_status":"closed","template":"","meta":{"footnotes":""},"class_list":["post-1636","page","type-page","status-publish","hentry"],"yoast_head":"<!-- This site is optimized with the Yoast SEO plugin v27.4 - https:\/\/yoast.com\/product\/yoast-seo-wordpress\/ -->\n<title>Blog - Carissimo France<\/title>\n<meta name=\"robots\" content=\"index, follow, max-snippet:-1, max-image-preview:large, max-video-preview:-1\" \/>\n<link rel=\"canonical\" href=\"https:\/\/carissimo.io\/fr\/blog\/\" \/>\n<meta property=\"og:locale\" content=\"fr_FR\" \/>\n<meta property=\"og:type\" content=\"article\" \/>\n<meta property=\"og:title\" content=\"Blog - Carissimo France\" \/>\n<meta property=\"og:url\" content=\"https:\/\/carissimo.io\/fr\/blog\/\" \/>\n<meta property=\"og:site_name\" content=\"Carissimo France\" \/>\n<meta property=\"article:modified_time\" content=\"2026-04-15T08:13:20+00:00\" \/>\n<meta name=\"twitter:card\" content=\"summary_large_image\" \/>\n<script type=\"application\/ld+json\" class=\"yoast-schema-graph\">{\"@context\":\"https:\\\/\\\/schema.org\",\"@graph\":[{\"@type\":\"WebPage\",\"@id\":\"https:\\\/\\\/carissimo.io\\\/fr\\\/blog\\\/\",\"url\":\"https:\\\/\\\/carissimo.io\\\/fr\\\/blog\\\/\",\"name\":\"Blog - Carissimo France\",\"isPartOf\":{\"@id\":\"https:\\\/\\\/carissimo.io\\\/fr\\\/#website\"},\"datePublished\":\"2026-04-15T08:13:04+00:00\",\"dateModified\":\"2026-04-15T08:13:20+00:00\",\"breadcrumb\":{\"@id\":\"https:\\\/\\\/carissimo.io\\\/fr\\\/blog\\\/#breadcrumb\"},\"inLanguage\":\"fr-FR\",\"potentialAction\":[{\"@type\":\"ReadAction\",\"target\":[\"https:\\\/\\\/carissimo.io\\\/fr\\\/blog\\\/\"]}]},{\"@type\":\"BreadcrumbList\",\"@id\":\"https:\\\/\\\/carissimo.io\\\/fr\\\/blog\\\/#breadcrumb\",\"itemListElement\":[{\"@type\":\"ListItem\",\"position\":1,\"name\":\"Home\",\"item\":\"https:\\\/\\\/carissimo.io\\\/fr\\\/\"},{\"@type\":\"ListItem\",\"position\":2,\"name\":\"Blog\"}]},{\"@type\":\"WebSite\",\"@id\":\"https:\\\/\\\/carissimo.io\\\/fr\\\/#website\",\"url\":\"https:\\\/\\\/carissimo.io\\\/fr\\\/\",\"name\":\"Carissimo France\",\"description\":\"\",\"publisher\":{\"@id\":\"https:\\\/\\\/carissimo.io\\\/fr\\\/#organization\"},\"potentialAction\":[{\"@type\":\"SearchAction\",\"target\":{\"@type\":\"EntryPoint\",\"urlTemplate\":\"https:\\\/\\\/carissimo.io\\\/fr\\\/?s={search_term_string}\"},\"query-input\":{\"@type\":\"PropertyValueSpecification\",\"valueRequired\":true,\"valueName\":\"search_term_string\"}}],\"inLanguage\":\"fr-FR\"},{\"@type\":\"Organization\",\"@id\":\"https:\\\/\\\/carissimo.io\\\/fr\\\/#organization\",\"name\":\"Carissimo France\",\"url\":\"https:\\\/\\\/carissimo.io\\\/fr\\\/\",\"logo\":{\"@type\":\"ImageObject\",\"inLanguage\":\"fr-FR\",\"@id\":\"https:\\\/\\\/carissimo.io\\\/fr\\\/#\\\/schema\\\/logo\\\/image\\\/\",\"url\":\"https:\\\/\\\/carissimo.io\\\/fr\\\/wp-content\\\/uploads\\\/sites\\\/3\\\/2025\\\/11\\\/cropped-Carissimo_logo_white_bkg_small-1.png\",\"contentUrl\":\"https:\\\/\\\/carissimo.io\\\/fr\\\/wp-content\\\/uploads\\\/sites\\\/3\\\/2025\\\/11\\\/cropped-Carissimo_logo_white_bkg_small-1.png\",\"width\":160,\"height\":44,\"caption\":\"Carissimo France\"},\"image\":{\"@id\":\"https:\\\/\\\/carissimo.io\\\/fr\\\/#\\\/schema\\\/logo\\\/image\\\/\"}}]}<\/script>\n<!-- \/ Yoast SEO plugin. -->","yoast_head_json":{"title":"Blog - Carissimo France","robots":{"index":"index","follow":"follow","max-snippet":"max-snippet:-1","max-image-preview":"max-image-preview:large","max-video-preview":"max-video-preview:-1"},"canonical":"https:\/\/carissimo.io\/fr\/blog\/","og_locale":"fr_FR","og_type":"article","og_title":"Blog - Carissimo France","og_url":"https:\/\/carissimo.io\/fr\/blog\/","og_site_name":"Carissimo France","article_modified_time":"2026-04-15T08:13:20+00:00","twitter_card":"summary_large_image","schema":{"@context":"https:\/\/schema.org","@graph":[{"@type":"WebPage","@id":"https:\/\/carissimo.io\/fr\/blog\/","url":"https:\/\/carissimo.io\/fr\/blog\/","name":"Blog - Carissimo France","isPartOf":{"@id":"https:\/\/carissimo.io\/fr\/#website"},"datePublished":"2026-04-15T08:13:04+00:00","dateModified":"2026-04-15T08:13:20+00:00","breadcrumb":{"@id":"https:\/\/carissimo.io\/fr\/blog\/#breadcrumb"},"inLanguage":"fr-FR","potentialAction":[{"@type":"ReadAction","target":["https:\/\/carissimo.io\/fr\/blog\/"]}]},{"@type":"BreadcrumbList","@id":"https:\/\/carissimo.io\/fr\/blog\/#breadcrumb","itemListElement":[{"@type":"ListItem","position":1,"name":"Home","item":"https:\/\/carissimo.io\/fr\/"},{"@type":"ListItem","position":2,"name":"Blog"}]},{"@type":"WebSite","@id":"https:\/\/carissimo.io\/fr\/#website","url":"https:\/\/carissimo.io\/fr\/","name":"Carissimo France","description":"","publisher":{"@id":"https:\/\/carissimo.io\/fr\/#organization"},"potentialAction":[{"@type":"SearchAction","target":{"@type":"EntryPoint","urlTemplate":"https:\/\/carissimo.io\/fr\/?s={search_term_string}"},"query-input":{"@type":"PropertyValueSpecification","valueRequired":true,"valueName":"search_term_string"}}],"inLanguage":"fr-FR"},{"@type":"Organization","@id":"https:\/\/carissimo.io\/fr\/#organization","name":"Carissimo France","url":"https:\/\/carissimo.io\/fr\/","logo":{"@type":"ImageObject","inLanguage":"fr-FR","@id":"https:\/\/carissimo.io\/fr\/#\/schema\/logo\/image\/","url":"https:\/\/carissimo.io\/fr\/wp-content\/uploads\/sites\/3\/2025\/11\/cropped-Carissimo_logo_white_bkg_small-1.png","contentUrl":"https:\/\/carissimo.io\/fr\/wp-content\/uploads\/sites\/3\/2025\/11\/cropped-Carissimo_logo_white_bkg_small-1.png","width":160,"height":44,"caption":"Carissimo France"},"image":{"@id":"https:\/\/carissimo.io\/fr\/#\/schema\/logo\/image\/"}}]}},"_links":{"self":[{"href":"https:\/\/carissimo.io\/fr\/wp-json\/wp\/v2\/pages\/1636","targetHints":{"allow":["GET"]}}],"collection":[{"href":"https:\/\/carissimo.io\/fr\/wp-json\/wp\/v2\/pages"}],"about":[{"href":"https:\/\/carissimo.io\/fr\/wp-json\/wp\/v2\/types\/page"}],"author":[{"embeddable":true,"href":"https:\/\/carissimo.io\/fr\/wp-json\/wp\/v2\/users\/3"}],"replies":[{"embeddable":true,"href":"https:\/\/carissimo.io\/fr\/wp-json\/wp\/v2\/comments?post=1636"}],"version-history":[{"count":3,"href":"https:\/\/carissimo.io\/fr\/wp-json\/wp\/v2\/pages\/1636\/revisions"}],"predecessor-version":[{"id":1643,"href":"https:\/\/carissimo.io\/fr\/wp-json\/wp\/v2\/pages\/1636\/revisions\/1643"}],"wp:attachment":[{"href":"https:\/\/carissimo.io\/fr\/wp-json\/wp\/v2\/media?parent=1636"}],"curies":[{"name":"wp","href":"https:\/\/api.w.org\/{rel}","templated":true}]}}